{"id":1353,"date":"2024-04-10T21:27:00","date_gmt":"2024-04-10T19:27:00","guid":{"rendered":"https:\/\/wypiekioli.pl\/?page_id=1353"},"modified":"2026-04-07T19:42:28","modified_gmt":"2026-04-07T17:42:28","slug":"komunia-2024","status":"publish","type":"page","link":"https:\/\/wypiekioli.pl\/oferta\/komunia\/","title":{"rendered":"Pierwsza Komunia \u015awi\u0119ta"},"content":{"rendered":"<section class=\"wpb-content-wrapper\"><p>[vc_row][vc_column][vc_empty_space height=&#8221;100px&#8221; el_class=&#8221;small-space-on-mobile2&#8243;][\/vc_column][\/vc_row][vc_row][vc_column][vc_text_separator title=&#8221;PIERWSZA KOMUNIA \u015aWI\u0118TA&#8221;][vc_empty_space][\/vc_column][\/vc_row][vc_row][vc_column][vc_column_text]<\/p>\n<p style=\"text-align: center;\">Zbli\u017ca si\u0119 sezon komunijny i dostajemy od Was zapytania o torty, wi\u0119c przygotowali\u015bmy kilka propozycji.<\/p>\n<p style=\"text-align: center;\">Jak zawsze przygotowujemy dla Was klasyczne torty z minimalistycznymi dekoracjami, ale je\u015bli chcieliby\u015bcie je spersonalizowa\u0107, to jeste\u015bmy otwarci na Wasze sugestie!<\/p>\n<p style=\"text-align: center;\">Wszystkie informacje o smakach tort\u00f3w i sposobie ich wykonania znajduj\u0105 si\u0119 w zak\u0142adce <span style=\"color: #33cccc;\"><strong><a style=\"color: #33cccc;\" href=\"https:\/\/wypiekioli.pl\/oferta\/torty-klasyczne\/\">TORTY KLASYCZNE<\/a><\/strong><\/span><\/p>\n<p style=\"text-align: center;\"><strong>Zam\u00f3wienia przyjmujemy telefonicznie \u2013 668 778 444 lub osobi\u015bcie w Wypiekach.<\/strong><\/p>\n<p>[\/vc_column_text][\/vc_column][\/vc_row][vc_row][vc_column][vc_empty_space height=&#8221;64px&#8221;][\/vc_column][\/vc_row][vc_row][vc_column][vc_text_separator title=&#8221;Propozycje tort\u00f3w komunijnych:&#8221;][vc_empty_space][\/vc_column][\/vc_row][vc_row][vc_column][vc_empty_space][\/vc_column][\/vc_row][vc_row][vc_column]<style type='text\/css'>#cbpw-wrap85 {margin:0px 0px 0px 0px;}#cbpw-grid85 .cbp-l-caption-title {color:#f2f2f2;background-color:transparent;font-size:13px;font-family:Open Sans,Arial;font-weight:600;font-style:normal;line-height:21px;text-align:center;padding:0px 0px 0px 0px;margin:0px 0px 0px 0px;text-transform:uppercase;}#cbpw-grid85 .cbp-l-caption-desc {color:#aaa;background-color:transparent;font-size:12px;font-family:Open Sans;font-weight:400;font-style:normal;line-height:16px;text-align:center;padding:0px 0px 0px 0px;margin:0px 0px 0px 0px;text-transform:none;}#cbpw-grid85 .cbp-caption-activeWrap {background-color:#101010;}#cbpw-loadMore85 .cbp-l-loadMore-link {color:#7E7B7B;background-color:transparent;border-width:1px 1px 1px 1px;border-style:solid;border-color:#DEDEDE;font-size:12px;font-family:Open Sans,sans-serif;font-weight:400;font-style:normal;line-height:34px;text-align:center;padding:0px 30px 0px 30px;margin:40px 0px 0px 0px;text-transform:none;}#cbpw-loadMore85 .cbp-l-loadMore-link:hover {color:#B0B0B0;background-color:transparent;border-width:1px 1px 1px 1px;border-style:solid;border-color:#DEDEDE;font-size:12px;font-family:Open Sans,sans-serif;font-weight:400;font-style:normal;line-height:34px;text-align:center;padding:0px 30px 0px 30px;margin:40px 0px 0px 0px;text-transform:none;}#cbpw-loadMore85 .cbp-l-loadMore-loading {color:#B0B0B0;background-color:transparent;border-width:1px 1px 1px 1px;border-style:solid;border-color:#DEDEDE;font-size:12px;font-family:Open Sans,sans-serif;font-weight:400;font-style:normal;line-height:34px;text-align:center;padding:0px 30px 0px 30px;margin:40px 0px 0px 0px;text-transform:none;}#cbpw-loadMore85 .cbp-l-loadMore-loading:hover {color:#B0B0B0;background-color:transparent;border-width:1px 1px 1px 1px;border-style:solid;border-color:#DEDEDE;font-size:12px;font-family:Open Sans,sans-serif;font-weight:400;font-style:normal;line-height:34px;text-align:center;padding:0px 30px 0px 30px;margin:40px 0px 0px 0px;text-transform:none;}#cbpw-loadMore85 .cbp-l-loadMore-stop {color:#B0B0B0;background-color:transparent;border-width:1px 1px 1px 1px;border-style:solid;border-color:#DEDEDE;font-size:12px;font-family:Open Sans,sans-serif;font-weight:400;font-style:normal;line-height:34px;text-align:center;padding:0px 30px 0px 30px;margin:40px 0px 0px 0px;text-transform:none;}#cbpw-loadMore85 .cbp-l-loadMore-stop:hover {color:#B0B0B0;background-color:transparent;border-width:1px 1px 1px 1px;border-style:solid;border-color:#DEDEDE;font-size:12px;font-family:Open Sans,sans-serif;font-weight:400;font-style:normal;line-height:34px;text-align:center;padding:0px 30px 0px 30px;margin:40px 0px 0px 0px;text-transform:none;}#cbpw-singlePage85 .cbp-popup-navigation-wrap {background-color:#34425C;}#cbpw-singlePage85 .cbp-popup-singlePage-counter {color:#bbc0df;font-size:13px;font-family:Open Sans;font-weight:400;font-style:normal;}<\/style><link rel=\"stylesheet\" href=\"\/\/fonts.googleapis.com\/css?family=Open+Sans:600normal,400normal\" type=\"text\/css\" media=\"all\" property=\"stylesheet\"><div id=\"cbpw-wrap85\"><div id=\"cbpw-grid85\" class=\"cbp-l-grid-masonry cbp\"><div><div class=\"cbp-item dladoros\u0142ych\"><a href=\"\/\/wypiekioli.pl\/wp-content\/uploads\/2025\/03\/tort-komunijny-golabek.jpg\" class=\"cbp-caption cbp-lightbox\"><div class=\"cbp-caption-defaultWrap\"><img decoding=\"async\" src=\"\/\/wypiekioli.pl\/wp-content\/uploads\/2025\/03\/tort-komunijny-golabek.jpg\" alt=\"\"><\/div><div class=\"cbp-caption-activeWrap\"><div class=\"cbp-l-caption-alignCenter\"><div class=\"cbp-l-caption-body\"><div class=\"cbp-l-caption-title\">Tort komunijny 1<\/div><\/div><\/div><\/div><\/a><\/div><div class=\"cbp-item dladoros\u0142ych\"><a href=\"\/\/wypiekioli.pl\/wp-content\/uploads\/2025\/04\/tort-komunijny-wzory-2.jpg\" class=\"cbp-caption cbp-lightbox\"><div class=\"cbp-caption-defaultWrap\"><img decoding=\"async\" src=\"\/\/wypiekioli.pl\/wp-content\/uploads\/2025\/04\/tort-komunijny-wzory-2.jpg\" alt=\"\"><\/div><div class=\"cbp-caption-activeWrap\"><div class=\"cbp-l-caption-alignCenter\"><div class=\"cbp-l-caption-body\"><div class=\"cbp-l-caption-title\">Tort komunijny 2<\/div><\/div><\/div><\/div><\/a><\/div><div class=\"cbp-item dladoros\u0142ych\"><a href=\"\/\/wypiekioli.pl\/wp-content\/uploads\/2023\/11\/tort-13.jpg\" class=\"cbp-caption cbp-lightbox\"><div class=\"cbp-caption-defaultWrap\"><img decoding=\"async\" src=\"\/\/wypiekioli.pl\/wp-content\/uploads\/2023\/11\/tort-13.jpg\" alt=\"\"><\/div><div class=\"cbp-caption-activeWrap\"><div class=\"cbp-l-caption-alignCenter\"><div class=\"cbp-l-caption-body\"><div class=\"cbp-l-caption-title\">Tort komunijny 3<\/div><\/div><\/div><\/div><\/a><\/div><div class=\"cbp-item dladoros\u0142ych\"><a href=\"\/\/wypiekioli.pl\/wp-content\/uploads\/2024\/05\/436678833_320728227735667_5613593006255457409_n.png\" class=\"cbp-caption cbp-lightbox\"><div class=\"cbp-caption-defaultWrap\"><img decoding=\"async\" src=\"\/\/wypiekioli.pl\/wp-content\/uploads\/2024\/05\/436678833_320728227735667_5613593006255457409_n.png\" alt=\"\"><\/div><div class=\"cbp-caption-activeWrap\"><div class=\"cbp-l-caption-alignCenter\"><div class=\"cbp-l-caption-body\"><div class=\"cbp-l-caption-title\">Tort komunijny 6<\/div><\/div><\/div><\/div><\/a><\/div><div class=\"cbp-item dladoros\u0142ych\"><a href=\"\/\/wypiekioli.pl\/wp-content\/uploads\/2025\/03\/tort-komunijny-kielich-2.jpg\" class=\"cbp-caption cbp-lightbox\"><div class=\"cbp-caption-defaultWrap\"><img decoding=\"async\" src=\"\/\/wypiekioli.pl\/wp-content\/uploads\/2025\/03\/tort-komunijny-kielich-2.jpg\" alt=\"\"><\/div><div class=\"cbp-caption-activeWrap\"><div class=\"cbp-l-caption-alignCenter\"><div class=\"cbp-l-caption-body\"><div class=\"cbp-l-caption-title\">Tort komunijny 4<\/div><\/div><\/div><\/div><\/a><\/div><div class=\"cbp-item dladoros\u0142ych\"><a href=\"\/\/wypiekioli.pl\/wp-content\/uploads\/2024\/04\/tort-komunijny-5.jpg\" class=\"cbp-caption cbp-lightbox\"><div class=\"cbp-caption-defaultWrap\"><img decoding=\"async\" src=\"\/\/wypiekioli.pl\/wp-content\/uploads\/2024\/04\/tort-komunijny-5.jpg\" alt=\"\"><\/div><div class=\"cbp-caption-activeWrap\"><div class=\"cbp-l-caption-alignCenter\"><div class=\"cbp-l-caption-body\"><div class=\"cbp-l-caption-title\">Tort komunijny 5<\/div><\/div><\/div><\/div><\/a><\/div><div class=\"cbp-item dladoros\u0142ych\"><a href=\"\/\/wypiekioli.pl\/wp-content\/uploads\/2024\/04\/173958036_4083698571694072_555452358597920032_n.jpg\" class=\"cbp-caption cbp-lightbox\"><div class=\"cbp-caption-defaultWrap\"><img decoding=\"async\" src=\"\/\/wypiekioli.pl\/wp-content\/uploads\/2024\/04\/173958036_4083698571694072_555452358597920032_n.jpg\" alt=\"\"><\/div><div class=\"cbp-caption-activeWrap\"><div class=\"cbp-l-caption-alignCenter\"><div class=\"cbp-l-caption-body\"><div class=\"cbp-l-caption-title\">Tort komunijny 9<\/div><\/div><\/div><\/div><\/a><\/div><div class=\"cbp-item\"><a href=\"\/\/wypiekioli.pl\/wp-content\/uploads\/2024\/04\/173990826_4083698785027384_419953631426702756_n.jpg\" class=\"cbp-caption cbp-lightbox\"><div class=\"cbp-caption-defaultWrap\"><img decoding=\"async\" src=\"\/\/wypiekioli.pl\/wp-content\/uploads\/2024\/04\/173990826_4083698785027384_419953631426702756_n.jpg\" alt=\"\"><\/div><div class=\"cbp-caption-activeWrap\"><div class=\"cbp-l-caption-alignCenter\"><div class=\"cbp-l-caption-body\"><div class=\"cbp-l-caption-title\">Tort komunijny 8<\/div><\/div><\/div><\/div><\/a><\/div><div class=\"cbp-item dladoros\u0142ych\"><a href=\"\/\/wypiekioli.pl\/wp-content\/uploads\/2024\/04\/173978912_4083698395027423_5252070599164535045_n.jpg\" class=\"cbp-caption cbp-lightbox\"><div class=\"cbp-caption-defaultWrap\"><img decoding=\"async\" src=\"\/\/wypiekioli.pl\/wp-content\/uploads\/2024\/04\/173978912_4083698395027423_5252070599164535045_n.jpg\" alt=\"\"><\/div><div class=\"cbp-caption-activeWrap\"><div class=\"cbp-l-caption-alignCenter\"><div class=\"cbp-l-caption-body\"><div class=\"cbp-l-caption-title\">Tort komunijny 7<\/div><\/div><\/div><\/div><\/a><\/div><div class=\"cbp-item\"><a href=\"\/\/wypiekioli.pl\/wp-content\/uploads\/2024\/04\/335140532_1286554158879073_966801915179679243_n.jpg\" class=\"cbp-caption cbp-lightbox\"><div class=\"cbp-caption-defaultWrap\"><img decoding=\"async\" src=\"\/\/wypiekioli.pl\/wp-content\/uploads\/2024\/04\/335140532_1286554158879073_966801915179679243_n.jpg\" alt=\"\"><\/div><div class=\"cbp-caption-activeWrap\"><div class=\"cbp-l-caption-alignCenter\"><div class=\"cbp-l-caption-body\"><div class=\"cbp-l-caption-title\">Tort komunijny 12<\/div><\/div><\/div><\/div><\/a><\/div><div class=\"cbp-item\"><a href=\"\/\/wypiekioli.pl\/wp-content\/uploads\/2024\/04\/335228197_927599231711813_7236645345702475737_n.jpg\" class=\"cbp-caption cbp-lightbox\"><div class=\"cbp-caption-defaultWrap\"><img decoding=\"async\" src=\"\/\/wypiekioli.pl\/wp-content\/uploads\/2024\/04\/335228197_927599231711813_7236645345702475737_n.jpg\" alt=\"\"><\/div><div class=\"cbp-caption-activeWrap\"><div class=\"cbp-l-caption-alignCenter\"><div class=\"cbp-l-caption-body\"><div class=\"cbp-l-caption-title\">Tort komunijny 11<\/div><\/div><\/div><\/div><\/a><\/div><div class=\"cbp-item\"><a href=\"\/\/wypiekioli.pl\/wp-content\/uploads\/2024\/04\/336533745_8890465274357332_7889605062559795492_n.jpg\" class=\"cbp-caption cbp-lightbox\"><div class=\"cbp-caption-defaultWrap\"><img decoding=\"async\" src=\"\/\/wypiekioli.pl\/wp-content\/uploads\/2024\/04\/336533745_8890465274357332_7889605062559795492_n.jpg\" alt=\"\"><\/div><div class=\"cbp-caption-activeWrap\"><div class=\"cbp-l-caption-alignCenter\"><div class=\"cbp-l-caption-body\"><div class=\"cbp-l-caption-title\">Tort komunijny 10<\/div><\/div><\/div><\/div><\/a><\/div><div class=\"cbp-item\"><a href=\"\/\/wypiekioli.pl\/wp-content\/uploads\/2024\/04\/336524943_599602822055429_7161263898879659927_n.jpg\" class=\"cbp-caption cbp-lightbox\"><div class=\"cbp-caption-defaultWrap\"><img decoding=\"async\" src=\"\/\/wypiekioli.pl\/wp-content\/uploads\/2024\/04\/336524943_599602822055429_7161263898879659927_n.jpg\" alt=\"\"><\/div><div class=\"cbp-caption-activeWrap\"><div class=\"cbp-l-caption-alignCenter\"><div class=\"cbp-l-caption-body\"><div class=\"cbp-l-caption-title\">Tort komunijny 13<\/div><\/div><\/div><\/div><\/a><\/div><div class=\"cbp-item\"><a href=\"\/\/wypiekioli.pl\/wp-content\/uploads\/2024\/04\/55798251_2291047057625908_3141741192312520704_n.jpg\" class=\"cbp-caption cbp-lightbox\"><div class=\"cbp-caption-defaultWrap\"><img decoding=\"async\" src=\"\/\/wypiekioli.pl\/wp-content\/uploads\/2024\/04\/55798251_2291047057625908_3141741192312520704_n.jpg\" alt=\"\"><\/div><div class=\"cbp-caption-activeWrap\"><div class=\"cbp-l-caption-alignCenter\"><div class=\"cbp-l-caption-body\"><div class=\"cbp-l-caption-title\">Tort komunijny 14<\/div><\/div><\/div><\/div><\/a><\/div><div class=\"cbp-item\"><a href=\"\/\/wypiekioli.pl\/wp-content\/uploads\/2024\/04\/56196671_2291047204292560_5910873798235652096_n.jpg\" class=\"cbp-caption cbp-lightbox\"><div class=\"cbp-caption-defaultWrap\"><img decoding=\"async\" src=\"\/\/wypiekioli.pl\/wp-content\/uploads\/2024\/04\/56196671_2291047204292560_5910873798235652096_n.jpg\" alt=\"\"><\/div><div class=\"cbp-caption-activeWrap\"><div class=\"cbp-l-caption-alignCenter\"><div class=\"cbp-l-caption-body\"><div class=\"cbp-l-caption-title\">Tort komunijny 15<\/div><\/div><\/div><\/div><\/a><\/div><div class=\"cbp-item\"><a href=\"\/\/wypiekioli.pl\/wp-content\/uploads\/2024\/04\/55602697_2291046880959259_6300689582685945856_n-1.jpg\" class=\"cbp-caption cbp-lightbox\"><div class=\"cbp-caption-defaultWrap\"><img decoding=\"async\" src=\"\/\/wypiekioli.pl\/wp-content\/uploads\/2024\/04\/55602697_2291046880959259_6300689582685945856_n-1.jpg\" alt=\"\"><\/div><div class=\"cbp-caption-activeWrap\"><div class=\"cbp-l-caption-alignCenter\"><div class=\"cbp-l-caption-body\"><div class=\"cbp-l-caption-title\">Tort komunijny 16<\/div><\/div><\/div><\/div><\/a><\/div><\/div><\/div><\/div><script type=\"text\/javascript\">this.initCubePortfolio =  this.initCubePortfolio || []; this.initCubePortfolio.push({id: 85, options: {\"filters\":\"\",\"loadMore\":\"\",\"loadMoreAction\":\"click\",\"search\":\"\",\"layoutMode\":\"grid\",\"sortToPreventGaps\":true,\"drag\":true,\"auto\":false,\"autoTimeout\":5000,\"autoPauseOnHover\":true,\"showNavigation\":true,\"showPagination\":true,\"rewindNav\":true,\"scrollByPage\":false,\"defaultFilter\":\"*\",\"filterDeeplinking\":false,\"animationType\":\"fadeOut\",\"gridAdjustment\":\"responsive\",\"mediaQueries\":[{\"width\":1400,\"cols\":3},{\"width\":1170,\"cols\":3},{\"width\":1024,\"cols\":3},{\"width\":960,\"cols\":3},{\"width\":778,\"cols\":3},{\"width\":640,\"cols\":3},{\"width\":480,\"cols\":3}],\"gapHorizontal\":30,\"gapVertical\":30,\"caption\":\"overlayBottomAlong\",\"displayType\":\"default\",\"displayTypeSpeed\":500,\"lightboxDelegate\":\".cbp-lightbox\",\"lightboxGallery\":true,\"lightboxTitleSrc\":\"data-title\",\"lightboxCounter\":\"<div class=\\\"cbp-popup-lightbox-counter\\\">{{current}} of {{total}}<\/div>\",\"singlePageDelegate\":\".cbp-singlePage\",\"singlePageDeeplinking\":true,\"singlePageStickyNavigation\":true,\"singlePageCounter\":\"<div class=\\\"cbp-popup-singlePage-counter\\\">{{current}} of {{total}}<\/div>\",\"singlePageAnimation\":\"middle\",\"singlePageInlineDelegate\":\".cbp-singlePageInline\",\"singlePageInlineDeeplinking\":false,\"singlePageInlinePosition\":\"top\",\"singlePageInlineInFocus\":true,\"plugins\":{},\"cols\":3,\"coverRatio\":\"\"}});<\/script>[\/vc_column][\/vc_row][vc_row][vc_column][vc_empty_space][\/vc_column][\/vc_row]<\/p>\n<\/section>","protected":false},"excerpt":{"rendered":"<p>[vc_row][vc_column][vc_empty_space height=&#8221;100px&#8221; el_class=&#8221;small-space-on-mobile2&#8243;][\/vc_column][\/vc_row][vc_row][vc_column][vc_text_separator title=&#8221;PIERWSZA KOMUNIA \u015aWI\u0118TA&#8221;][vc_empty_space][\/vc_column][\/vc_row][vc_row][vc_column][vc_column_text] Zbli\u017ca si\u0119 sezon komunijny i dostajemy od Was zapytania o torty, wi\u0119c przygotowali\u015bmy kilka propozycji. Jak zawsze przygotowujemy dla Was klasyczne torty z minimalistycznymi dekoracjami, ale je\u015bli chcieliby\u015bcie je spersonalizowa\u0107, to jeste\u015bmy otwarci na Wasze sugestie! Wszystkie informacje o smakach tort\u00f3w i sposobie ich wykonania znajduj\u0105 si\u0119 w zak\u0142adce [&hellip;]<\/p>\n","protected":false},"author":1,"featured_media":0,"parent":277,"menu_order":0,"comment_status":"closed","ping_status":"closed","template":"page.php","meta":{"footnotes":""},"class_list":["post-1353","page","type-page","status-publish","hentry"],"yoast_head":"<!-- This site is optimized with the Yoast SEO plugin v27.3 - https:\/\/yoast.com\/product\/yoast-seo-wordpress\/ -->\n<title>Pierwsza Komunia \u015awi\u0119ta - Wypieki Oli - domowa cukiernia w Krakowie<\/title>\n<meta name=\"robots\" content=\"index, follow, max-snippet:-1, max-image-preview:large, max-video-preview:-1\" \/>\n<link rel=\"canonical\" href=\"https:\/\/wypiekioli.pl\/oferta\/komunia\/\" \/>\n<meta property=\"og:locale\" content=\"pl_PL\" \/>\n<meta property=\"og:type\" content=\"article\" \/>\n<meta property=\"og:title\" content=\"Pierwsza Komunia \u015awi\u0119ta - Wypieki Oli - domowa cukiernia w Krakowie\" \/>\n<meta property=\"og:description\" content=\"[vc_row][vc_column][vc_empty_space height=&#8221;100px&#8221; el_class=&#8221;small-space-on-mobile2&#8243;][\/vc_column][\/vc_row][vc_row][vc_column][vc_text_separator title=&#8221;PIERWSZA KOMUNIA \u015aWI\u0118TA&#8221;][vc_empty_space][\/vc_column][\/vc_row][vc_row][vc_column][vc_column_text] Zbli\u017ca si\u0119 sezon komunijny i dostajemy od Was zapytania o torty, wi\u0119c przygotowali\u015bmy kilka propozycji. Jak zawsze przygotowujemy dla Was klasyczne torty z minimalistycznymi dekoracjami, ale je\u015bli chcieliby\u015bcie je spersonalizowa\u0107, to jeste\u015bmy otwarci na Wasze sugestie! Wszystkie informacje o smakach tort\u00f3w i sposobie ich wykonania znajduj\u0105 si\u0119 w zak\u0142adce [&hellip;]\" \/>\n<meta property=\"og:url\" content=\"https:\/\/wypiekioli.pl\/oferta\/komunia\/\" \/>\n<meta property=\"og:site_name\" content=\"Wypieki Oli - domowa cukiernia w Krakowie\" \/>\n<meta property=\"article:modified_time\" content=\"2026-04-07T17:42:28+00:00\" \/>\n<meta name=\"twitter:card\" content=\"summary_large_image\" \/>\n<meta name=\"twitter:label1\" content=\"Szacowany czas czytania\" \/>\n\t<meta name=\"twitter:data1\" content=\"1 minuta\" \/>\n<script type=\"application\/ld+json\" class=\"yoast-schema-graph\">{\"@context\":\"https:\\\/\\\/schema.org\",\"@graph\":[{\"@type\":\"WebPage\",\"@id\":\"https:\\\/\\\/wypiekioli.pl\\\/oferta\\\/komunia\\\/\",\"url\":\"https:\\\/\\\/wypiekioli.pl\\\/oferta\\\/komunia\\\/\",\"name\":\"Pierwsza Komunia \u015awi\u0119ta - Wypieki Oli - domowa cukiernia w Krakowie\",\"isPartOf\":{\"@id\":\"https:\\\/\\\/wypiekioli.pl\\\/#website\"},\"datePublished\":\"2024-04-10T19:27:00+00:00\",\"dateModified\":\"2026-04-07T17:42:28+00:00\",\"breadcrumb\":{\"@id\":\"https:\\\/\\\/wypiekioli.pl\\\/oferta\\\/komunia\\\/#breadcrumb\"},\"inLanguage\":\"pl-PL\",\"potentialAction\":[{\"@type\":\"ReadAction\",\"target\":[\"https:\\\/\\\/wypiekioli.pl\\\/oferta\\\/komunia\\\/\"]}]},{\"@type\":\"BreadcrumbList\",\"@id\":\"https:\\\/\\\/wypiekioli.pl\\\/oferta\\\/komunia\\\/#breadcrumb\",\"itemListElement\":[{\"@type\":\"ListItem\",\"position\":1,\"name\":\"Strona g\u0142\u00f3wna\",\"item\":\"https:\\\/\\\/wypiekioli.pl\\\/\"},{\"@type\":\"ListItem\",\"position\":2,\"name\":\"Pages\",\"item\":\"https:\\\/\\\/wypiekioli.pl\\\/indexphp\\\/pages\\\/\"},{\"@type\":\"ListItem\",\"position\":3,\"name\":\"Pierwsza Komunia \u015awi\u0119ta\"}]},{\"@type\":\"WebSite\",\"@id\":\"https:\\\/\\\/wypiekioli.pl\\\/#website\",\"url\":\"https:\\\/\\\/wypiekioli.pl\\\/\",\"name\":\"Wypieki Oli - domowa cukiernia w Krakowie\",\"description\":\"Cukiernia &quot;Wypieki Oli&quot; powsta\u0142a z mi\u0142o\u015bci do pieczenia i dzielenia si\u0119 pyszno\u015bciami z innymi. Zapraszam!\",\"publisher\":{\"@id\":\"https:\\\/\\\/wypiekioli.pl\\\/#organization\"},\"potentialAction\":[{\"@type\":\"SearchAction\",\"target\":{\"@type\":\"EntryPoint\",\"urlTemplate\":\"https:\\\/\\\/wypiekioli.pl\\\/?s={search_term_string}\"},\"query-input\":{\"@type\":\"PropertyValueSpecification\",\"valueRequired\":true,\"valueName\":\"search_term_string\"}}],\"inLanguage\":\"pl-PL\"},{\"@type\":\"Organization\",\"@id\":\"https:\\\/\\\/wypiekioli.pl\\\/#organization\",\"name\":\"Wypieki Oli - domowa cukiernia w Krakowie\",\"url\":\"https:\\\/\\\/wypiekioli.pl\\\/\",\"logo\":{\"@type\":\"ImageObject\",\"inLanguage\":\"pl-PL\",\"@id\":\"https:\\\/\\\/wypiekioli.pl\\\/#\\\/schema\\\/logo\\\/image\\\/\",\"url\":\"https:\\\/\\\/wypiekioli.pl\\\/wp-content\\\/uploads\\\/2024\\\/01\\\/logo-white-black.png\",\"contentUrl\":\"https:\\\/\\\/wypiekioli.pl\\\/wp-content\\\/uploads\\\/2024\\\/01\\\/logo-white-black.png\",\"width\":1444,\"height\":1448,\"caption\":\"Wypieki Oli - domowa cukiernia w Krakowie\"},\"image\":{\"@id\":\"https:\\\/\\\/wypiekioli.pl\\\/#\\\/schema\\\/logo\\\/image\\\/\"}}]}<\/script>\n<!-- \/ Yoast SEO plugin. -->","yoast_head_json":{"title":"Pierwsza Komunia \u015awi\u0119ta - Wypieki Oli - domowa cukiernia w Krakowie","robots":{"index":"index","follow":"follow","max-snippet":"max-snippet:-1","max-image-preview":"max-image-preview:large","max-video-preview":"max-video-preview:-1"},"canonical":"https:\/\/wypiekioli.pl\/oferta\/komunia\/","og_locale":"pl_PL","og_type":"article","og_title":"Pierwsza Komunia \u015awi\u0119ta - Wypieki Oli - domowa cukiernia w Krakowie","og_description":"[vc_row][vc_column][vc_empty_space height=&#8221;100px&#8221; el_class=&#8221;small-space-on-mobile2&#8243;][\/vc_column][\/vc_row][vc_row][vc_column][vc_text_separator title=&#8221;PIERWSZA KOMUNIA \u015aWI\u0118TA&#8221;][vc_empty_space][\/vc_column][\/vc_row][vc_row][vc_column][vc_column_text] Zbli\u017ca si\u0119 sezon komunijny i dostajemy od Was zapytania o torty, wi\u0119c przygotowali\u015bmy kilka propozycji. Jak zawsze przygotowujemy dla Was klasyczne torty z minimalistycznymi dekoracjami, ale je\u015bli chcieliby\u015bcie je spersonalizowa\u0107, to jeste\u015bmy otwarci na Wasze sugestie! Wszystkie informacje o smakach tort\u00f3w i sposobie ich wykonania znajduj\u0105 si\u0119 w zak\u0142adce [&hellip;]","og_url":"https:\/\/wypiekioli.pl\/oferta\/komunia\/","og_site_name":"Wypieki Oli - domowa cukiernia w Krakowie","article_modified_time":"2026-04-07T17:42:28+00:00","twitter_card":"summary_large_image","twitter_misc":{"Szacowany czas czytania":"1 minuta"},"schema":{"@context":"https:\/\/schema.org","@graph":[{"@type":"WebPage","@id":"https:\/\/wypiekioli.pl\/oferta\/komunia\/","url":"https:\/\/wypiekioli.pl\/oferta\/komunia\/","name":"Pierwsza Komunia \u015awi\u0119ta - Wypieki Oli - domowa cukiernia w Krakowie","isPartOf":{"@id":"https:\/\/wypiekioli.pl\/#website"},"datePublished":"2024-04-10T19:27:00+00:00","dateModified":"2026-04-07T17:42:28+00:00","breadcrumb":{"@id":"https:\/\/wypiekioli.pl\/oferta\/komunia\/#breadcrumb"},"inLanguage":"pl-PL","potentialAction":[{"@type":"ReadAction","target":["https:\/\/wypiekioli.pl\/oferta\/komunia\/"]}]},{"@type":"BreadcrumbList","@id":"https:\/\/wypiekioli.pl\/oferta\/komunia\/#breadcrumb","itemListElement":[{"@type":"ListItem","position":1,"name":"Strona g\u0142\u00f3wna","item":"https:\/\/wypiekioli.pl\/"},{"@type":"ListItem","position":2,"name":"Pages","item":"https:\/\/wypiekioli.pl\/indexphp\/pages\/"},{"@type":"ListItem","position":3,"name":"Pierwsza Komunia \u015awi\u0119ta"}]},{"@type":"WebSite","@id":"https:\/\/wypiekioli.pl\/#website","url":"https:\/\/wypiekioli.pl\/","name":"Wypieki Oli - domowa cukiernia w Krakowie","description":"Cukiernia &quot;Wypieki Oli&quot; powsta\u0142a z mi\u0142o\u015bci do pieczenia i dzielenia si\u0119 pyszno\u015bciami z innymi. Zapraszam!","publisher":{"@id":"https:\/\/wypiekioli.pl\/#organization"},"potentialAction":[{"@type":"SearchAction","target":{"@type":"EntryPoint","urlTemplate":"https:\/\/wypiekioli.pl\/?s={search_term_string}"},"query-input":{"@type":"PropertyValueSpecification","valueRequired":true,"valueName":"search_term_string"}}],"inLanguage":"pl-PL"},{"@type":"Organization","@id":"https:\/\/wypiekioli.pl\/#organization","name":"Wypieki Oli - domowa cukiernia w Krakowie","url":"https:\/\/wypiekioli.pl\/","logo":{"@type":"ImageObject","inLanguage":"pl-PL","@id":"https:\/\/wypiekioli.pl\/#\/schema\/logo\/image\/","url":"https:\/\/wypiekioli.pl\/wp-content\/uploads\/2024\/01\/logo-white-black.png","contentUrl":"https:\/\/wypiekioli.pl\/wp-content\/uploads\/2024\/01\/logo-white-black.png","width":1444,"height":1448,"caption":"Wypieki Oli - domowa cukiernia w Krakowie"},"image":{"@id":"https:\/\/wypiekioli.pl\/#\/schema\/logo\/image\/"}}]}},"_links":{"self":[{"href":"https:\/\/wypiekioli.pl\/index.php\/wp-json\/wp\/v2\/pages\/1353","targetHints":{"allow":["GET"]}}],"collection":[{"href":"https:\/\/wypiekioli.pl\/index.php\/wp-json\/wp\/v2\/pages"}],"about":[{"href":"https:\/\/wypiekioli.pl\/index.php\/wp-json\/wp\/v2\/types\/page"}],"author":[{"embeddable":true,"href":"https:\/\/wypiekioli.pl\/index.php\/wp-json\/wp\/v2\/users\/1"}],"replies":[{"embeddable":true,"href":"https:\/\/wypiekioli.pl\/index.php\/wp-json\/wp\/v2\/comments?post=1353"}],"version-history":[{"count":9,"href":"https:\/\/wypiekioli.pl\/index.php\/wp-json\/wp\/v2\/pages\/1353\/revisions"}],"predecessor-version":[{"id":1614,"href":"https:\/\/wypiekioli.pl\/index.php\/wp-json\/wp\/v2\/pages\/1353\/revisions\/1614"}],"up":[{"embeddable":true,"href":"https:\/\/wypiekioli.pl\/index.php\/wp-json\/wp\/v2\/pages\/277"}],"wp:attachment":[{"href":"https:\/\/wypiekioli.pl\/index.php\/wp-json\/wp\/v2\/media?parent=1353"}],"curies":[{"name":"wp","href":"https:\/\/api.w.org\/{rel}","templated":true}]}}