{"id":468,"date":"2021-05-08T13:22:09","date_gmt":"2021-05-08T13:22:09","guid":{"rendered":"https:\/\/preview.treethemes.com\/hazel\/demo1clean\/?page_id=468"},"modified":"2023-12-03T15:03:15","modified_gmt":"2023-12-03T14:03:15","slug":"tarty","status":"publish","type":"page","link":"https:\/\/wypiekioli.pl\/oferta\/tarty\/","title":{"rendered":"Tarty"},"content":{"rendered":"<section class=\"wpb-content-wrapper\"><p>[vc_row full_width=&#8221;stretch_row&#8221; css=&#8221;.vc_custom_1620480256244{margin-top: -160px !important;}&#8221;][vc_column][vc_empty_space height=&#8221;200px&#8221; el_class=&#8221;small-space-on-mobile2&#8243;]<style type='text\/css'>#cbpw-wrap47 {margin:0px 0px 0px 0px;}#cbpw-grid47 .cbp-l-caption-title {color:#f0f0f0;background-color:transparent;font-size:13px;font-family:Mulish;font-weight:800;font-style:normal;line-height:21px;text-align:center;padding:0px 0px 0px 0px;margin:0px 0px 0px 0px;text-transform:uppercase;}#cbpw-grid47 .cbp-l-caption-desc {color:#949494;background-color:transparent;font-size:12px;font-family:Mulish;font-weight:400;font-style:normal;line-height:16px;text-align:center;padding:0px 0px 0px 0px;margin:0px 0px 0px 0px;text-transform:none;}#cbpw-grid47 .cbp-caption-activeWrap {background-color:#101010;}#cbpw-loadMore47 .cbp-l-loadMore-link {color:#212121;background-color:transparent;border-width:2px 2px 2px 2px;border-style:solid;border-color:#303030;font-size:12px;font-family:Montserrat,sans-serif;font-weight:600;font-style:normal;line-height:34px;text-align:center;padding:0px 30px 0px 30px;margin:40px 0px 0px 0px;text-transform:none;}#cbpw-loadMore47 .cbp-l-loadMore-link:hover {color:#212121;background-color:transparent;border-width:2px 2px 2px 2px;border-style:solid;border-color:#303030;font-size:12px;font-family:Montserrat,sans-serif;font-weight:600;font-style:normal;line-height:34px;text-align:center;padding:0px 30px 0px 30px;margin:40px 0px 0px 0px;text-transform:none;}#cbpw-loadMore47 .cbp-l-loadMore-loading {color:#212121;background-color:transparent;border-width:2px 2px 2px 2px;border-style:solid;border-color:#303030;font-size:12px;font-family:Montserrat,sans-serif;font-weight:600;font-style:normal;line-height:34px;text-align:center;padding:0px 30px 0px 30px;margin:40px 0px 0px 0px;text-transform:none;}#cbpw-loadMore47 .cbp-l-loadMore-loading:hover {color:#212121;background-color:transparent;border-width:2px 2px 2px 2px;border-style:solid;border-color:#303030;font-size:12px;font-family:Montserrat,sans-serif;font-weight:600;font-style:normal;line-height:34px;text-align:center;padding:0px 30px 0px 30px;margin:40px 0px 0px 0px;text-transform:none;}#cbpw-loadMore47 .cbp-l-loadMore-stop {color:#B0B0B0;background-color:transparent;border-width:1px 1px 1px 1px;border-style:solid;border-color:#DEDEDE;font-size:12px;font-family:Montserrat,sans-serif;font-weight:600;font-style:normal;line-height:34px;text-align:center;padding:0px 30px 0px 30px;margin:40px 0px 0px 0px;text-transform:none;}#cbpw-loadMore47 .cbp-l-loadMore-stop:hover {color:#B0B0B0;background-color:transparent;border-width:1px 1px 1px 1px;border-style:solid;border-color:#DEDEDE;font-size:12px;font-family:Montserrat,sans-serif;font-weight:600;font-style:normal;line-height:34px;text-align:center;padding:0px 30px 0px 30px;margin:40px 0px 0px 0px;text-transform:none;}#cbpw-singlePage47 .cbp-popup-navigation-wrap {background-color:#34425C;}#cbpw-singlePage47 .cbp-popup-singlePage-counter {color:#bbc0df;font-size:13px;font-family:Open Sans;font-weight:400;font-style:normal;}<\/style><link rel=\"stylesheet\" href=\"\/\/fonts.googleapis.com\/css?family=Montserrat:600normal\" type=\"text\/css\" media=\"all\" property=\"stylesheet\"><link rel=\"stylesheet\" href=\"\/\/fonts.googleapis.com\/css?family=Open+Sans:400normal\" type=\"text\/css\" media=\"all\" property=\"stylesheet\"><div id=\"cbpw-wrap47\"><div id=\"cbpw-grid47\" class=\"cbp-l-grid-gallery cbp\"><div><div class=\"cbp-item zmusemzbia\u0142ejczekolady des-align-center\"><a href=\"\/\/wypiekioli.pl\/index.php\/portfolio\/tarta-z-musem-z-bialej-czekolady\" class=\"cbp-caption cbp-singlePageInline\" data-title=\"Black Sketchbook\" data-cbp-selector=\"automatically\"><div class=\"cbp-caption-defaultWrap\"><img decoding=\"async\" src=\"\/\/wypiekioli.pl\/wp-content\/uploads\/2023\/01\/IMG_7557_min.jpg\" alt=\"\"><\/div><div class=\"cbp-caption-activeWrap\"><div class=\"cbp-l-caption-alignLeft\"><div class=\"cbp-l-caption-body\"><div class=\"cbp-l-caption-title\">Tarta z musem z bia\u0142ej czekolady<\/div><div class=\"cbp-l-caption-desc\">\u015arednica 28cm<\/div><\/div><\/div><\/div><\/a><\/div><div class=\"cbp-item zmusemzciemnejczekolady\"><a href=\"\/\/wypiekioli.pl\/index.php\/portfolio\/tarta-z-musem-z-ciemnej-czekolady\" class=\"cbp-caption cbp-singlePageInline\" data-title=\"Black Sketchbook\" data-cbp-selector=\"automatically\"><div class=\"cbp-caption-defaultWrap\"><img decoding=\"async\" src=\"\/\/wypiekioli.pl\/wp-content\/uploads\/2023\/01\/IMG_7565_min.jpg\" alt=\"\"><\/div><div class=\"cbp-caption-activeWrap\"><div class=\"cbp-l-caption-alignLeft\"><div class=\"cbp-l-caption-body\"><div class=\"cbp-l-caption-title\">Tarta z musem z ciemnej czekolady<\/div><div class=\"cbp-l-caption-desc\">\u015arednica 28cm<\/div><\/div><\/div><\/div><\/a><\/div><div class=\"cbp-item zmusemzczarnejporzeczki\"><a href=\"\/\/wypiekioli.pl\/index.php\/portfolio\/tarta-z-musem-z-czarnej-porzeczki\/\" class=\"cbp-caption cbp-singlePageInline\" data-title=\"Black Sketchbook\" data-cbp-selector=\"automatically\"><div class=\"cbp-caption-defaultWrap\"><img decoding=\"async\" src=\"\/\/wypiekioli.pl\/wp-content\/uploads\/2023\/02\/IMG_8793_min.jpg\" alt=\"\"><\/div><div class=\"cbp-caption-activeWrap\"><div class=\"cbp-l-caption-alignLeft\"><div class=\"cbp-l-caption-body\"><div class=\"cbp-l-caption-title\">Tarta z musem z czarnej porzeczki<\/div><div class=\"cbp-l-caption-desc\">\u015arednica 28cm<\/div><\/div><\/div><\/div><\/a><\/div><div class=\"cbp-item r\u00f3\u017cana\"><a href=\"\/\/wypiekioli.pl\/index.php\/portfolio\/tarta-rozana\/\" class=\"cbp-caption cbp-singlePageInline\" data-title=\"Black Sketchbook\" data-cbp-selector=\"automatically\"><div class=\"cbp-caption-defaultWrap\"><img decoding=\"async\" src=\"\/\/wypiekioli.pl\/wp-content\/uploads\/2023\/02\/IMG_7978_min.jpg\" alt=\"\"><\/div><div class=\"cbp-caption-activeWrap\"><div class=\"cbp-l-caption-alignLeft\"><div class=\"cbp-l-caption-body\"><div class=\"cbp-l-caption-title\">Tarta r\u00f3\u017cana<\/div><div class=\"cbp-l-caption-desc\">\u015arednica 28cm<\/div><\/div><\/div><\/div><\/a><\/div><div class=\"cbp-item cytrynowazbez\u0105\"><a href=\"\/\/wypiekioli.pl\/index.php\/portfolio\/tarta-cytrynowa\" class=\"cbp-caption cbp-singlePageInline\" data-title=\"Black Sketchbook\" data-cbp-selector=\"automatically\"><div class=\"cbp-caption-defaultWrap\"><img decoding=\"async\" src=\"\/\/wypiekioli.pl\/wp-content\/uploads\/2023\/01\/IMG_7853_min-5.jpg\" alt=\"\"><\/div><div class=\"cbp-caption-activeWrap\"><div class=\"cbp-l-caption-alignLeft\"><div class=\"cbp-l-caption-body\"><div class=\"cbp-l-caption-title\">Tarta cytrynowa z bez\u0105<\/div><div class=\"cbp-l-caption-desc\">\u015arednica 28cm<\/div><\/div><\/div><\/div><\/a><\/div><div class=\"cbp-item limonkowa\"><a href=\"\/\/wypiekioli.pl\/index.php\/portfolio\/tarta-limonkowa\" class=\"cbp-caption cbp-singlePageInline\" data-title=\"Black Sketchbook\" data-cbp-selector=\"automatically\"><div class=\"cbp-caption-defaultWrap\"><img decoding=\"async\" src=\"\/\/wypiekioli.pl\/wp-content\/uploads\/2023\/02\/IMG_9318_min.jpg\" alt=\"\"><\/div><div class=\"cbp-caption-activeWrap\"><div class=\"cbp-l-caption-alignLeft\"><div class=\"cbp-l-caption-body\"><div class=\"cbp-l-caption-title\">Tarta limonkowa<\/div><div class=\"cbp-l-caption-desc\">\u015arednica 28cm<\/div><\/div><\/div><\/div><\/a><\/div><div class=\"cbp-item zmas\u0105grysikow\u0105\"><a href=\"\/\/wypiekioli.pl\/index.php\/portfolio\/tarta-z-masa-grysikowa-i-owocami\/\" class=\"cbp-caption cbp-singlePageInline\" data-title=\"Black Sketchbook\" data-cbp-selector=\"automatically\"><div class=\"cbp-caption-defaultWrap\"><img decoding=\"async\" src=\"\/\/wypiekioli.pl\/wp-content\/uploads\/2023\/02\/IMG_7541_min.jpg\" alt=\"\"><\/div><div class=\"cbp-caption-activeWrap\"><div class=\"cbp-l-caption-alignLeft\"><div class=\"cbp-l-caption-body\"><div class=\"cbp-l-caption-title\">Tarta z masa grysikow\u0105 i owocami<\/div><div class=\"cbp-l-caption-desc\">\u015arednica 28cm<\/div><\/div><\/div><\/div><\/a><\/div><div class=\"cbp-item kokosowa\"><a href=\"\/\/wypiekioli.pl\/index.php\/portfolio\/tarta-kokosowa\/\" class=\"cbp-caption cbp-singlePageInline\" data-title=\"Black Sketchbook\" data-cbp-selector=\"automatically\"><div class=\"cbp-caption-defaultWrap\"><img decoding=\"async\" src=\"\/\/wypiekioli.pl\/wp-content\/uploads\/2023\/02\/IMG_7910_min.jpg\" alt=\"\"><\/div><div class=\"cbp-caption-activeWrap\"><div class=\"cbp-l-caption-alignLeft\"><div class=\"cbp-l-caption-body\"><div class=\"cbp-l-caption-title\">Tarta kokosowa<\/div><div class=\"cbp-l-caption-desc\">\u015arednica 28cm<\/div><\/div><\/div><\/div><\/a><\/div><div class=\"cbp-item cha\u0142wowa\"><a href=\"\/\/wypiekioli.pl\/index.php\/portfolio\/tarta-chalwowa-z-czarna-porzeczka\/\" class=\"cbp-caption cbp-singlePageInline\" data-title=\"Black Sketchbook\" data-cbp-selector=\"automatically\"><div class=\"cbp-caption-defaultWrap\"><img decoding=\"async\" src=\"\/\/wypiekioli.pl\/wp-content\/uploads\/2023\/02\/IMG_9354_min.jpg\" alt=\"\"><\/div><div class=\"cbp-caption-activeWrap\"><div class=\"cbp-l-caption-alignLeft\"><div class=\"cbp-l-caption-body\"><div class=\"cbp-l-caption-title\">Tarta cha\u0142wowa z czarn\u0105 porzeczk\u0105<\/div><div class=\"cbp-l-caption-desc\">\u015arednica 28cm<\/div><\/div><\/div><\/div><\/a><\/div><div class=\"cbp-item migda\u0142owa\"><a href=\"\/\/wypiekioli.pl\/index.php\/portfolio\/tarta-migdalowa\/\" class=\"cbp-caption cbp-singlePageInline\" data-title=\"Black Sketchbook\" data-cbp-selector=\"automatically\"><div class=\"cbp-caption-defaultWrap\"><img decoding=\"async\" src=\"\/\/wypiekioli.pl\/wp-content\/uploads\/2023\/02\/IMG_7982_min.jpg\" alt=\"\"><\/div><div class=\"cbp-caption-activeWrap\"><div class=\"cbp-l-caption-alignLeft\"><div class=\"cbp-l-caption-body\"><div class=\"cbp-l-caption-title\">Tarta migda\u0142owa<\/div><div class=\"cbp-l-caption-desc\">\u015arednica 28cm<\/div><\/div><\/div><\/div><\/a><\/div><div class=\"cbp-item banoffee\"><a href=\"\/\/wypiekioli.pl\/index.php\/portfolio\/banoffee\" class=\"cbp-caption cbp-singlePageInline\" data-title=\"Black Sketchbook\" data-cbp-selector=\"automatically\"><div class=\"cbp-caption-defaultWrap\"><img decoding=\"async\" src=\"\/\/wypiekioli.pl\/wp-content\/uploads\/2023\/02\/IMG_8760_min.jpg\" alt=\"\"><\/div><div class=\"cbp-caption-activeWrap\"><div class=\"cbp-l-caption-alignLeft\"><div class=\"cbp-l-caption-body\"><div class=\"cbp-l-caption-title\">Tarta Banoffee<\/div><div class=\"cbp-l-caption-desc\">\u015arednica 28cm<\/div><\/div><\/div><\/div><\/a><\/div><div class=\"cbp-item zkremempatisiere\"><a href=\"\/\/wypiekioli.pl\/index.php\/portfolio\/tarta-z-kremem-patisiere-czerwona-porzeczka-i-beza\/\" class=\"cbp-caption cbp-singlePageInline\" data-title=\"Black Sketchbook\" data-cbp-selector=\"automatically\"><div class=\"cbp-caption-defaultWrap\"><img decoding=\"async\" src=\"\/\/wypiekioli.pl\/wp-content\/uploads\/2023\/02\/IMG_3553_min.jpg\" alt=\"\"><\/div><div class=\"cbp-caption-activeWrap\"><div class=\"cbp-l-caption-alignLeft\"><div class=\"cbp-l-caption-body\"><div class=\"cbp-l-caption-title\">Tarta z kremem patisiere, czerwona porzeczk\u0105 i bez\u0105<\/div><div class=\"cbp-l-caption-desc\">\u015arednica 28cm<\/div><\/div><\/div><\/div><\/a><\/div><\/div><\/div><\/div><script type=\"text\/javascript\">this.initCubePortfolio =  this.initCubePortfolio || []; this.initCubePortfolio.push({id: 47, options: {\"filters\":\"\",\"loadMore\":\"\",\"loadMoreAction\":\"click\",\"search\":\"\",\"layoutMode\":\"grid\",\"sortToPreventGaps\":false,\"drag\":true,\"auto\":false,\"autoTimeout\":5000,\"autoPauseOnHover\":true,\"showNavigation\":true,\"showPagination\":true,\"rewindNav\":true,\"scrollByPage\":false,\"defaultFilter\":\"*\",\"filterDeeplinking\":false,\"animationType\":\"3dflip\",\"gridAdjustment\":\"responsive\",\"mediaQueries\":[{\"width\":1400,\"cols\":3},{\"width\":1170,\"cols\":3},{\"width\":1024,\"cols\":3},{\"width\":960,\"cols\":3},{\"width\":778,\"cols\":2},{\"width\":640,\"cols\":2},{\"width\":480,\"cols\":1}],\"gapHorizontal\":10,\"gapVertical\":10,\"caption\":\"overlayBottomPush\",\"displayType\":\"bottomToTop\",\"displayTypeSpeed\":100,\"lightboxDelegate\":\".cbp-lightbox\",\"lightboxGallery\":true,\"lightboxTitleSrc\":\"data-title\",\"lightboxCounter\":\"<div class=\\\"cbp-popup-lightbox-counter\\\">{{current}} of {{total}}<\/div>\",\"singlePageDelegate\":\".cbp-singlePage\",\"singlePageDeeplinking\":true,\"singlePageStickyNavigation\":true,\"singlePageCounter\":\"<div class=\\\"cbp-popup-singlePage-counter\\\">{{current}} of {{total}}<\/div>\",\"singlePageAnimation\":\"middle\",\"singlePageInlineDelegate\":\".cbp-singlePageInline\",\"singlePageInlineDeeplinking\":false,\"singlePageInlinePosition\":\"below\",\"singlePageInlineInFocus\":true,\"plugins\":{},\"cols\":3,\"coverRatio\":\"\",\"displayItemsLoadMore\":3}});<\/script>[\/vc_column][\/vc_row][vc_row][vc_column][vc_empty_space][\/vc_column][\/vc_row]<\/p>\n<\/section>","protected":false},"excerpt":{"rendered":"<p>[vc_row full_width=&#8221;stretch_row&#8221; css=&#8221;.vc_custom_1620480256244{margin-top: -160px !important;}&#8221;][vc_column][vc_empty_space height=&#8221;200px&#8221; el_class=&#8221;small-space-on-mobile2&#8243;][\/vc_column][\/vc_row][vc_row][vc_column][vc_empty_space][\/vc_column][\/vc_row]<\/p>\n","protected":false},"author":1,"featured_media":0,"parent":277,"menu_order":0,"comment_status":"closed","ping_status":"closed","template":"page.php","meta":{"footnotes":""},"class_list":["post-468","page","type-page","status-publish","hentry"],"yoast_head":"<!-- This site is optimized with the Yoast SEO plugin v27.3 - https:\/\/yoast.com\/product\/yoast-seo-wordpress\/ -->\n<title>Tarty - Wypieki Oli - domowa cukiernia w Krakowie<\/title>\n<meta name=\"robots\" content=\"index, follow, max-snippet:-1, max-image-preview:large, max-video-preview:-1\" \/>\n<link rel=\"canonical\" href=\"https:\/\/wypiekioli.pl\/oferta\/tarty\/\" \/>\n<meta property=\"og:locale\" content=\"pl_PL\" \/>\n<meta property=\"og:type\" content=\"article\" \/>\n<meta property=\"og:title\" content=\"Tarty - Wypieki Oli - domowa cukiernia w Krakowie\" \/>\n<meta property=\"og:description\" content=\"[vc_row full_width=&#8221;stretch_row&#8221; css=&#8221;.vc_custom_1620480256244{margin-top: -160px !important;}&#8221;][vc_column][vc_empty_space height=&#8221;200px&#8221; el_class=&#8221;small-space-on-mobile2&#8243;][\/vc_column][\/vc_row][vc_row][vc_column][vc_empty_space][\/vc_column][\/vc_row]\" \/>\n<meta property=\"og:url\" content=\"https:\/\/wypiekioli.pl\/oferta\/tarty\/\" \/>\n<meta property=\"og:site_name\" content=\"Wypieki Oli - domowa cukiernia w Krakowie\" \/>\n<meta property=\"article:modified_time\" content=\"2023-12-03T14:03:15+00:00\" \/>\n<meta name=\"twitter:card\" content=\"summary_large_image\" \/>\n<script type=\"application\/ld+json\" class=\"yoast-schema-graph\">{\"@context\":\"https:\\\/\\\/schema.org\",\"@graph\":[{\"@type\":\"WebPage\",\"@id\":\"https:\\\/\\\/wypiekioli.pl\\\/oferta\\\/tarty\\\/\",\"url\":\"https:\\\/\\\/wypiekioli.pl\\\/oferta\\\/tarty\\\/\",\"name\":\"Tarty - Wypieki Oli - domowa cukiernia w Krakowie\",\"isPartOf\":{\"@id\":\"https:\\\/\\\/wypiekioli.pl\\\/#website\"},\"datePublished\":\"2021-05-08T13:22:09+00:00\",\"dateModified\":\"2023-12-03T14:03:15+00:00\",\"breadcrumb\":{\"@id\":\"https:\\\/\\\/wypiekioli.pl\\\/oferta\\\/tarty\\\/#breadcrumb\"},\"inLanguage\":\"pl-PL\",\"potentialAction\":[{\"@type\":\"ReadAction\",\"target\":[\"https:\\\/\\\/wypiekioli.pl\\\/oferta\\\/tarty\\\/\"]}]},{\"@type\":\"BreadcrumbList\",\"@id\":\"https:\\\/\\\/wypiekioli.pl\\\/oferta\\\/tarty\\\/#breadcrumb\",\"itemListElement\":[{\"@type\":\"ListItem\",\"position\":1,\"name\":\"Strona g\u0142\u00f3wna\",\"item\":\"https:\\\/\\\/wypiekioli.pl\\\/\"},{\"@type\":\"ListItem\",\"position\":2,\"name\":\"Pages\",\"item\":\"https:\\\/\\\/wypiekioli.pl\\\/indexphp\\\/pages\\\/\"},{\"@type\":\"ListItem\",\"position\":3,\"name\":\"Tarty\"}]},{\"@type\":\"WebSite\",\"@id\":\"https:\\\/\\\/wypiekioli.pl\\\/#website\",\"url\":\"https:\\\/\\\/wypiekioli.pl\\\/\",\"name\":\"Wypieki Oli - domowa cukiernia w Krakowie\",\"description\":\"Cukiernia &quot;Wypieki Oli&quot; powsta\u0142a z mi\u0142o\u015bci do pieczenia i dzielenia si\u0119 pyszno\u015bciami z innymi. Zapraszam!\",\"publisher\":{\"@id\":\"https:\\\/\\\/wypiekioli.pl\\\/#organization\"},\"potentialAction\":[{\"@type\":\"SearchAction\",\"target\":{\"@type\":\"EntryPoint\",\"urlTemplate\":\"https:\\\/\\\/wypiekioli.pl\\\/?s={search_term_string}\"},\"query-input\":{\"@type\":\"PropertyValueSpecification\",\"valueRequired\":true,\"valueName\":\"search_term_string\"}}],\"inLanguage\":\"pl-PL\"},{\"@type\":\"Organization\",\"@id\":\"https:\\\/\\\/wypiekioli.pl\\\/#organization\",\"name\":\"Wypieki Oli - domowa cukiernia w Krakowie\",\"url\":\"https:\\\/\\\/wypiekioli.pl\\\/\",\"logo\":{\"@type\":\"ImageObject\",\"inLanguage\":\"pl-PL\",\"@id\":\"https:\\\/\\\/wypiekioli.pl\\\/#\\\/schema\\\/logo\\\/image\\\/\",\"url\":\"https:\\\/\\\/wypiekioli.pl\\\/wp-content\\\/uploads\\\/2024\\\/01\\\/logo-white-black.png\",\"contentUrl\":\"https:\\\/\\\/wypiekioli.pl\\\/wp-content\\\/uploads\\\/2024\\\/01\\\/logo-white-black.png\",\"width\":1444,\"height\":1448,\"caption\":\"Wypieki Oli - domowa cukiernia w Krakowie\"},\"image\":{\"@id\":\"https:\\\/\\\/wypiekioli.pl\\\/#\\\/schema\\\/logo\\\/image\\\/\"}}]}<\/script>\n<!-- \/ Yoast SEO plugin. -->","yoast_head_json":{"title":"Tarty - Wypieki Oli - domowa cukiernia w Krakowie","robots":{"index":"index","follow":"follow","max-snippet":"max-snippet:-1","max-image-preview":"max-image-preview:large","max-video-preview":"max-video-preview:-1"},"canonical":"https:\/\/wypiekioli.pl\/oferta\/tarty\/","og_locale":"pl_PL","og_type":"article","og_title":"Tarty - Wypieki Oli - domowa cukiernia w Krakowie","og_description":"[vc_row full_width=&#8221;stretch_row&#8221; css=&#8221;.vc_custom_1620480256244{margin-top: -160px !important;}&#8221;][vc_column][vc_empty_space height=&#8221;200px&#8221; el_class=&#8221;small-space-on-mobile2&#8243;][\/vc_column][\/vc_row][vc_row][vc_column][vc_empty_space][\/vc_column][\/vc_row]","og_url":"https:\/\/wypiekioli.pl\/oferta\/tarty\/","og_site_name":"Wypieki Oli - domowa cukiernia w Krakowie","article_modified_time":"2023-12-03T14:03:15+00:00","twitter_card":"summary_large_image","schema":{"@context":"https:\/\/schema.org","@graph":[{"@type":"WebPage","@id":"https:\/\/wypiekioli.pl\/oferta\/tarty\/","url":"https:\/\/wypiekioli.pl\/oferta\/tarty\/","name":"Tarty - Wypieki Oli - domowa cukiernia w Krakowie","isPartOf":{"@id":"https:\/\/wypiekioli.pl\/#website"},"datePublished":"2021-05-08T13:22:09+00:00","dateModified":"2023-12-03T14:03:15+00:00","breadcrumb":{"@id":"https:\/\/wypiekioli.pl\/oferta\/tarty\/#breadcrumb"},"inLanguage":"pl-PL","potentialAction":[{"@type":"ReadAction","target":["https:\/\/wypiekioli.pl\/oferta\/tarty\/"]}]},{"@type":"BreadcrumbList","@id":"https:\/\/wypiekioli.pl\/oferta\/tarty\/#breadcrumb","itemListElement":[{"@type":"ListItem","position":1,"name":"Strona g\u0142\u00f3wna","item":"https:\/\/wypiekioli.pl\/"},{"@type":"ListItem","position":2,"name":"Pages","item":"https:\/\/wypiekioli.pl\/indexphp\/pages\/"},{"@type":"ListItem","position":3,"name":"Tarty"}]},{"@type":"WebSite","@id":"https:\/\/wypiekioli.pl\/#website","url":"https:\/\/wypiekioli.pl\/","name":"Wypieki Oli - domowa cukiernia w Krakowie","description":"Cukiernia &quot;Wypieki Oli&quot; powsta\u0142a z mi\u0142o\u015bci do pieczenia i dzielenia si\u0119 pyszno\u015bciami z innymi. Zapraszam!","publisher":{"@id":"https:\/\/wypiekioli.pl\/#organization"},"potentialAction":[{"@type":"SearchAction","target":{"@type":"EntryPoint","urlTemplate":"https:\/\/wypiekioli.pl\/?s={search_term_string}"},"query-input":{"@type":"PropertyValueSpecification","valueRequired":true,"valueName":"search_term_string"}}],"inLanguage":"pl-PL"},{"@type":"Organization","@id":"https:\/\/wypiekioli.pl\/#organization","name":"Wypieki Oli - domowa cukiernia w Krakowie","url":"https:\/\/wypiekioli.pl\/","logo":{"@type":"ImageObject","inLanguage":"pl-PL","@id":"https:\/\/wypiekioli.pl\/#\/schema\/logo\/image\/","url":"https:\/\/wypiekioli.pl\/wp-content\/uploads\/2024\/01\/logo-white-black.png","contentUrl":"https:\/\/wypiekioli.pl\/wp-content\/uploads\/2024\/01\/logo-white-black.png","width":1444,"height":1448,"caption":"Wypieki Oli - domowa cukiernia w Krakowie"},"image":{"@id":"https:\/\/wypiekioli.pl\/#\/schema\/logo\/image\/"}}]}},"_links":{"self":[{"href":"https:\/\/wypiekioli.pl\/index.php\/wp-json\/wp\/v2\/pages\/468","targetHints":{"allow":["GET"]}}],"collection":[{"href":"https:\/\/wypiekioli.pl\/index.php\/wp-json\/wp\/v2\/pages"}],"about":[{"href":"https:\/\/wypiekioli.pl\/index.php\/wp-json\/wp\/v2\/types\/page"}],"author":[{"embeddable":true,"href":"https:\/\/wypiekioli.pl\/index.php\/wp-json\/wp\/v2\/users\/1"}],"replies":[{"embeddable":true,"href":"https:\/\/wypiekioli.pl\/index.php\/wp-json\/wp\/v2\/comments?post=468"}],"version-history":[{"count":3,"href":"https:\/\/wypiekioli.pl\/index.php\/wp-json\/wp\/v2\/pages\/468\/revisions"}],"predecessor-version":[{"id":1241,"href":"https:\/\/wypiekioli.pl\/index.php\/wp-json\/wp\/v2\/pages\/468\/revisions\/1241"}],"up":[{"embeddable":true,"href":"https:\/\/wypiekioli.pl\/index.php\/wp-json\/wp\/v2\/pages\/277"}],"wp:attachment":[{"href":"https:\/\/wypiekioli.pl\/index.php\/wp-json\/wp\/v2\/media?parent=468"}],"curies":[{"name":"wp","href":"https:\/\/api.w.org\/{rel}","templated":true}]}}